{"id":4,"date":"2023-06-02T11:38:48","date_gmt":"2023-06-02T15:38:48","guid":{"rendered":"https:\/\/clarke.coltec.dev\/?page_id=4"},"modified":"2024-07-19T10:55:33","modified_gmt":"2024-07-19T14:55:33","slug":"one-page-express","status":"publish","type":"page","link":"https:\/\/clarke.coltec.dev\/","title":{"rendered":"Front Page"},"content":{"rendered":"<div  data-label=\"Overlapable\" data-id=\"stripped-about-four-boxes-section\" data-category=\"overlapable\" class=\"stripped-about-four-boxes-section\" data-overlap=\"true\" id=\"overlapable-1\" style=\"background-color: rgb(255, 255, 255);\"> <div  class=\"gridContainer\"> <div  class=\"about-four-boxes-innerrow flexbox-list\"> <div  class=\"about-four-boxes-imgcol\" data-bg=\"image\" style=\"background-image: url(&quot;https:\/\/clarke.coltec.dev\/wp-content\/uploads\/2024\/04\/contabilidad.png&quot;);\"><\/div> <div  class=\"about-four-boxes-textcol\" data-type=\"column\">  <h2  class=\"\">\u00bfQui\u00e9nes somos?<\/h2> <p  class=\"\">Somos una Empresa de Servicios Integrales, donde nuestro obtetivo<br >Principal es asesorar en distintos \u00e1mbitos de negocios y finanzas,<br >Ofreciendo variados servicios para la gesti\u00f3n de cada empresa.<\/p> <\/div> <div  class=\"about-four-boxes-textcol\" data-type=\"column\">  <h2  class=\"\">Nuestro Equipo<\/h2> <p  class=\"\">Estamos compuestos por un equipo de profesionales especializados en:<br >Procesos Contables, Gestion de Negocios, Valoraci\u00f3n de Empresas,<br >Gestion de Recursos Humanos, Asesor\u00eda Tributaria, entre otros.<br >Brindamos atencion directa y personalizada a cada uno de nuestros<br >Clientes siempre con los mas altos est\u00e1ndares de calidad y gesti\u00f3n.<\/p> <\/div> <div  class=\"about-four-boxes-imgcol2\" data-bg=\"image\" style=\"background-image: url(&quot;https:\/\/clarke.coltec.dev\/wp-content\/uploads\/2024\/04\/negocios.png&quot;);\"><\/div> <\/div> <\/div><\/div><div  data-label=\"Features\" data-id=\"features-large-icons-section\" data-category=\"features\" class=\"features-large-icons-section\" id=\"features-3\" style=\"background-color: rgb(255, 255, 255);\"> <div  class=\"gridContainer dynamic-color\"> <div  class=\"features-large-icons-textrow\"> <div  class=\"features-large-icons-textcol\" data-type=\"column\"> <h2  class=\"\">Servicios Agua Potable Rural<\/h2>  <\/div> <\/div> <div  class=\"features-large-icons-featrow\" data-type=\"row\"> <div  class=\"features-large-icons-featcol cp3cols cp6cols-tablet\"> <div  class=\"features-icon-container-nomargin\"><i  data-cp-fa=\"true\" class=\"font-icon-features-icon-container fa fa-handshake-o\"><\/i> <\/div>   <p  class=\"\">Servicio de asesor\u00eda integral para Comit\u00e9s y Cooperativas de Agua Potable Rural<\/p><\/div> <div  class=\"features-large-icons-featcol cp3cols cp6cols-tablet\"> <div  class=\"features-icon-container-nomargin\"><i  data-cp-fa=\"true\" class=\"font-icon-features-icon-container fa fa-calculator\"><\/i> <\/div>   <p  class=\"\">Contabilidad<\/p><\/div> <div  class=\"features-large-icons-featcol cp3cols cp6cols-tablet\"> <div  class=\"features-icon-container-nomargin\"><i  data-cp-fa=\"true\" class=\"font-icon-features-icon-container fa fa-comments-o\"><\/i> <\/div>   <p  class=\"\">Operacional<\/p><\/div> <div  class=\"features-large-icons-featcol cp3cols cp6cols-tablet\"> <div  class=\"features-icon-container-nomargin\"><i  data-cp-fa=\"true\" class=\"font-icon-features-icon-container fa fa-group\"><\/i> <\/div>   <p  class=\"\">Social<\/p><\/div> <div  class=\"features-large-icons-featcol cp3cols cp6cols-tablet\"> <div  class=\"features-icon-container-nomargin\"><i  data-cp-fa=\"true\" class=\"font-icon-features-icon-container fa fa-balance-scale\"><\/i> <\/div>   <p  class=\"\">Legal<\/p><\/div><div  class=\"features-large-icons-featcol cp3cols cp6cols-tablet\"> <div  class=\"features-icon-container-nomargin\"><i  data-cp-fa=\"true\" class=\"font-icon-features-icon-container fa fa-gavel\"><\/i> <\/div>   <p  class=\"\">Enmarcado bajo la Ley 20.998 de Servicios Sanitarios Rurales y Ley General de Cooperativas<\/p><\/div><\/div> <\/div><\/div><div  data-label=\"Content\" data-id=\"content-image-right\" data-category=\"content\" class=\"content-right-image-section content-image-right\" id=\"content-4\" style=\"background-color: rgb(246, 246, 246);\"> <div  class=\"gridContainer\"> <div  class=\"content-right-image-gridcol\"> <div  class=\"content-right-image-textcol dynamic-color\" data-type=\"column\"> <h2  class=\"\">Nuestra Misi\u00f3n es\u2026<\/h2> <p  class=\"large_text\"> Brindar soluciones integrales adaptadas a las necesidades, en los \u00e1mbitos de gesti\u00f3n y administraci\u00f3n con el mejor equipo profecional enfoc\u00e1ndonos en una excelente atenci\u00f3n de eficiencia y eficacia.<\/p>  <\/div> <div  class=\"content-right-image-imgcol\" data-type=\"column\"> <img  decoding=\"async\" src=\"https:\/\/clarke.coltec.dev\/wp-content\/uploads\/2024\/04\/coins.jpg\" class=\"\" alt=\"\"> <p  class=\"\">.<\/p><h2  class=\"\">Nuestra Visi\u00f3n es\u2026<\/h2><p  class=\"\">Ser una empresa lider en servicios contables y de gesti\u00f3n para cada segmento de clientes.<\/p><\/div> <\/div> <\/div> <\/div><div  data-label=\"Call to action\" data-id=\"cta-blue-section\" data-category=\"cta\" class=\"cta-blue-section\" id=\"cta-1\"> <div  class=\"gridContainer\"> <div  class=\"flexbox-list flexbox-list-align-center row\"> <div  class=\"cta-blue-textcol dynamic-color\"> <h2  class=\"cta-blue-text\"> <b  class=\"element2\"> \u00bfQuieres saber m\u00e1s?. <\/b> Escribenos\u2026<\/h2> <\/div> <div  class=\"cta-blue-btncol\"> <a class=\"button big yellow dark-text\" href=\"https:\/\/wa.link\/2pimz9\" target=\"_blank\" rel=\"noopener\"> WhatsApp <\/a> <\/div> <\/div> <\/div> <\/div><div  data-label=\"Overlapable\" data-id=\"stripped-features-image-cards-section\" data-category=\"overlapable\" data-=\"\" class=\"features-image-cards-section stripped-features-image-cards-section\" data-overlap=\"true\" id=\"overlapable-3\" style=\"background-color: rgb(246, 246, 246);\"> <div  class=\"gridContainer\"> <div  class=\"features-image-cards-innerrow flexbox-list\" data-type=\"row\"> <div  class=\"features-image-cards-cardcol cp4cols cp6cols-tablet\"> <div  class=\"features-image-cards-cardrow\"><img  decoding=\"async\" class=\"features-image-cards-featimg\" src=\"https:\/\/clarke.coltec.dev\/wp-content\/uploads\/2024\/04\/contabilidad_resultados.jpg\" alt=\"\"> <div  class=\"features-image-cards-cardtextrow\" data-type=\"column\"> <h4  class=\"\">CONTABILIDAD<\/h4> <p  class=\"\">Brindamos asesor\u00edas contables que permiten a las empresas concentrarse en sus negocios, delegando en un tercero la realizaci\u00f3n de procesos administrativos especializados quien adem\u00e1s se transforma en una contraparte del personal administrativo que agrega gran valor a la gesti\u00f3n del negocio.&nbsp;<\/p> <hr  class=\"features-image-cards-separator\"> <\/div> <\/div> <\/div> <div  class=\"features-image-cards-cardcol cp4cols cp6cols-tablet\"> <div  class=\"features-image-cards-cardrow\"><img  decoding=\"async\" class=\"features-image-cards-featimg\" src=\"https:\/\/clarke.coltec.dev\/wp-content\/uploads\/2024\/04\/auditoria_projectos.jpeg\" alt=\"\"> <div  class=\"features-image-cards-cardtextrow\" data-type=\"column\"> <h4  class=\"\">AUDITOR\u00cdA<\/h4> <p  class=\"\">Las necesidades de las empresas modernas, \u00e1giles y flexibles requieren que las tareas de auditor\u00eda no se limiten a la revisi\u00f3n y a la preparaci\u00f3n de sus diagn\u00f3sticos correspondientes.\n<br ><br >Nuestro dise\u00f1o y evaluaci\u00f3n del control interno se basa en la identificaci\u00f3n de riesgos en las diferentes \u00e1reas de negocio.<\/p> <hr  class=\"features-image-cards-separator\"> <\/div> <\/div> <\/div> <div  class=\"features-image-cards-cardcol cp4cols cp6cols-tablet\"> <div  class=\"features-image-cards-cardrow\"><img  decoding=\"async\" class=\"features-image-cards-featimg\" src=\"https:\/\/clarke.coltec.dev\/wp-content\/uploads\/2024\/04\/tributaria.jpeg\" alt=\"\"> <div  class=\"features-image-cards-cardtextrow\" data-type=\"column\"> <h4  class=\"\">TRIBUTARIA<\/h4> <p  class=\"\">El correcto dise\u00f1o, organizaci\u00f3n y planificaci\u00f3n tributaria, permite a las empresas optimizar el uso de sus recursos y minimizar riesgos, al cumplir correctamente sus obligaciones tributarias. Esta \u00e1rea de pr\u00e1ctica, constituye una de las principales fortalezas de nuestra empresa.<\/p> <hr  class=\"features-image-cards-separator\"> <\/div> <\/div> <\/div> <div  class=\"features-image-cards-cardcol cp4cols cp6cols-tablet\"> <div  class=\"features-image-cards-cardrow\"><img  decoding=\"async\" class=\"features-image-cards-featimg\" src=\"https:\/\/clarke.coltec.dev\/wp-content\/uploads\/2024\/04\/financial.jpeg\" alt=\"\"> <div  class=\"features-image-cards-cardtextrow\" data-type=\"column\"> <h4  class=\"\">GESTI\u00d3N Y PLAN DE NEGOCIOS<\/h4> <p  class=\"\">Asesoramos en forma integral a las peque\u00f1as y medianas empresas en los \u00e1mbitos de la gesti\u00f3n y administraci\u00f3n, entregando un servicio de calidad, con el mejor equipo profesional y tecnol\u00f3gico.<\/p> <hr  class=\"features-image-cards-separator\"> <\/div> <\/div> <\/div><div  class=\"features-image-cards-cardcol cp4cols cp6cols-tablet\"> <div  class=\"features-image-cards-cardrow\"><img  decoding=\"async\" class=\"features-image-cards-featimg\" src=\"https:\/\/clarke.coltec.dev\/wp-content\/uploads\/2024\/04\/analisis_recursos_humanos.jpeg\" alt=\"\"> <div  class=\"features-image-cards-cardtextrow\" data-type=\"column\"> <h4  class=\"\">RECURSOS HUMANOS<\/h4> <p  class=\"\">Englobamos las actividades relativas al c\u00e1lculo de remuneraciones, as\u00ed como la elaboraci\u00f3n de los documentos necesarios que acrediten el cumplimiento de la normativa laboral desde su inicio hasta el t\u00e9rmino de la relaci\u00f3n laboral, otorgando al empleador la seguridad y respaldo suficiente ante cualquier inconveniente en t\u00e9rminos laborales.&nbsp;<\/p> <hr  class=\"features-image-cards-separator\"> <\/div> <\/div> <\/div><div  class=\"features-image-cards-cardcol cp4cols cp6cols-tablet\"> <div  class=\"features-image-cards-cardrow\"><img  decoding=\"async\" class=\"features-image-cards-featimg\" src=\"https:\/\/clarke.coltec.dev\/wp-content\/uploads\/2024\/04\/capacitaciones.jpeg\" alt=\"\"> <div  class=\"features-image-cards-cardtextrow\" data-type=\"column\"> <h4  class=\"\">CHARLAS Y CAPACITACIONES<\/h4> <p  class=\"\">Nuestro m\u00e9todo de trabajo se basa en identificar y comprender, como ninguna otra empresa, las necesidades, planes y programas de capacitaci\u00f3n de nuestros Clientes. <br >Clarke Auditores m\u00e1s que un proveedor de capacitaci\u00f3n y servicios, es un socio, un aliado, que trabaja en equipo con sus clientes proyectando una relaci\u00f3n a largo plazo, entregando el conocimiento necesario para obtener excelentes resultados.&nbsp;<\/p> <hr  class=\"features-image-cards-separator\"> <\/div> <\/div> <\/div><\/div> <\/div><\/div><div  data-label=\"Clients\" data-id=\"clients-strip-section\" data-category=\"clients\" class=\"clients-strip-section\" id=\"clients-2\" style=\"background-color: rgb(246, 246, 246);\"> <div  class=\"row_187 gridContainer\" data-type=\"row\" data-add-content=\"false\"> <div  class=\"clients-strip-itemcol cp2cols\"> <div  class=\"middle_align1\"><a href=\"https:\/\/www.instagram.com\/clarkeauditores.cl?igsh=MXU0ZXZvZXlmYXRwbg\" rel=\"noopener\" target=\"_blank\"><img  decoding=\"async\" class=\"clients-strip-itemimg\" src=\"https:\/\/clarke.coltec.dev\/wp-content\/uploads\/2024\/04\/Logo_Instragram.png\"><\/a> <\/div> <\/div> <div  class=\"clients-strip-itemcol cp2cols\"> <div  class=\"middle_align1\"><a href=\"https:\/\/wa.link\/2pimz9\" rel=\"noopener\" target=\"_blank\"><img  decoding=\"async\" class=\"clients-strip-itemimg\" src=\"https:\/\/clarke.coltec.dev\/wp-content\/uploads\/2024\/04\/Logo_Whatsapp-1.png\"><\/a> <\/div> <\/div> <div  class=\"clients-strip-itemcol cp2cols\"> <div  class=\"middle_align1\"><a href=\"tel:+56722567334\" rel=\"noopener\" target=\"_blank\"><img  decoding=\"async\" class=\"clients-strip-itemimg\" src=\"https:\/\/clarke.coltec.dev\/wp-content\/uploads\/2024\/04\/Logo_Llamada.png\"><\/a> <\/div> <\/div> <div  class=\"clients-strip-itemcol cp2cols\"> <div  class=\"middle_align1\"><a href=\"mailto:geoclarke.c@clarkeauditores.cl\" rel=\"noopener\" target=\"_blank\"><img  decoding=\"async\" class=\"clients-strip-itemimg\" src=\"https:\/\/clarke.coltec.dev\/wp-content\/uploads\/2024\/04\/Logo_Email.png\"><\/a> <\/div> <\/div>   <\/div><\/div><div  data-label=\"Features\" data-id=\"features-overlapped-icons-section\" data-category=\"features\" class=\"features-overlapped-icons-section\" id=\"features-4\" style=\"background-color: rgb(246, 246, 246); --darkreader-inline-bgcolor: #1d2021;\" data-darkreader-inline-bgcolor=\"\"> <div  class=\"gridContainer\"> <div  class=\"features-overlapped-icons-textrow\"> <div  class=\"features-overlapped-icons-textcol dynamic-color\" data-type=\"column\"> <h2  class=\"\">Emprendimiento&nbsp;&nbsp;<\/h2> <p  class=\"\">Emprende tu negocio de la manera correcta y de la mano de profecionales que te ayudar\u00e1n a que tu camino hacia el exito sea m\u00e1s seguro.<\/p> <\/div> <\/div> <div  class=\"features-overlapped-icons-featuresrow flexbox-list\" data-type=\"row\"> <div  class=\"features-large-icons-featcol cp3cols cp6cols-tablet\"> <div  class=\"features-overlapped-icons-featinnerrow\"> <div  class=\"features-icon-container\"><i  data-cp-fa=\"true\" class=\"font-icon-features-icon-container fa fa-calendar-check-o\"><\/i> <\/div>\t<div  data-type=\"column\" class=\"\"> <h4  class=\"\">COMIENZA<\/h4> <p  class=\"\">Te asesoramos sobre la forma jur\u00eddica que m\u00e1s te interesa para crear tu empresa, as\u00ed como la tributaci\u00f3n que mas se acomode. Si necesitas un plan de empresa inicial para presentarlos a socios o futuros accionistas te ayudamos a prepararlo.&nbsp;\n<\/p> <\/div><\/div> <\/div> <div  class=\"features-large-icons-featcol cp3cols cp6cols-tablet\"> <div  class=\"features-overlapped-icons-featinnerrow\"> <div  class=\"features-icon-container\"><i  data-cp-fa=\"true\" class=\"font-icon-features-icon-container fa fa-bar-chart\"><\/i> <\/div>\t<div  data-type=\"column\" class=\"\"> <h4  class=\"\">FUNCIONA<\/h4> <p  class=\"\">Te ayudamos en la evoluci\u00f3n de tu empresa gestionando la contabilidad, con un asesor que te acompa\u00f1ar\u00e1 y gestionar\u00e1 la contabilidad y tributaci\u00f3n. Adem\u00e1s con un equipo de profesionales especializados en la \u00e1reas de: Gesti\u00f3n y Control, Recursos Humanos, Tributaria, para que tu empresa este al d\u00eda con todos los requisitos legales.&nbsp;<\/p> <\/div><\/div> <\/div>   <div  class=\"features-large-icons-featcol cp3cols cp6cols-tablet\"> <div  class=\"features-overlapped-icons-featinnerrow\"> <div  class=\"features-icon-container\"><i  data-cp-fa=\"true\" class=\"font-icon-features-icon-container fa fa-balance-scale\"><\/i> <\/div>\t<div  data-type=\"column\" class=\"\"> <h4  class=\"\">CONSOLIDA<\/h4> <p  class=\"\">&nbsp;Adem\u00e1s de todos los servicios anteriores, podemos ayudarte en la preparaci\u00f3n de presupuestos y planificaci\u00f3n financiera de tu empresa.<\/p> <\/div><\/div> <\/div><\/div> <\/div><\/div><div  id=\"numbers\" data-label=\"Numbers\" data-id=\"numbers-section\" data-category=\"numbers\" data-bg=\"transparent\" class=\"numbers-section\" data-parallax-depth=\"20\" style=\"background-image: url(&quot;https:\/\/clarke.coltec.dev\/wp-content\/uploads\/2023\/06\/Color_negro.jpg&quot;); background-size: auto 628px; background-repeat: no-repeat; background-position: center top 65.907%;\"> <div  class=\"gridContainer dynamic-color\"> <div  class=\"numbers-itemcol\"> <h2  class=\"numbers-numbertext\">20<\/h2> <h3  class=\"numbers-titletext\">Clientes<\/h3> <\/div> <div  class=\"numbers-itemcol\"> <h2  class=\"numbers-numbertext\">3<\/h2> <h3  class=\"numbers-titletext\">Ciudades<\/h3> <\/div> <div  class=\"numbers-itemcol-last\"> <h2  class=\"numbers-numbertext\">5<\/h2> <h3  class=\"numbers-titletext\">Trabajadores<\/h3> <\/div> <\/div><\/div><div  id=\"testimonials-1\" style=\"background-color: rgb(246, 246, 246); --darkreader-inline-bgcolor: #1d2021;\" data-label=\"Testimonials\" data-id=\"testimonials-boxed-section\" data-category=\"testimonials\" class=\"testimonials-boxed-section\" data-darkreader-inline-bgcolor=\"\"> <div  class=\"gridContainer\"> <div  class=\"testimonials-boxed-textcol dynamic-color\" data-type=\"column\"> <h2  class=\"\">Nuestros Clientes<\/h2>  <\/div> <div  class=\"testimonials-boxed-itemsrow dark-text\" data-type=\"row\"> <div  class=\"testimonials-boxed-itemcol cp4cols cp6cols-tablet\"> <div  class=\"testimonials-boxed-itemcard\" data-type=\"column\"> <img  decoding=\"async\" class=\"testimonials-boxed-itemimg\" data-size=\"500x500\" src=\"https:\/\/clarke.coltec.dev\/wp-content\/uploads\/2024\/03\/cropped-1024x1024-2.png\" alt=\"\"> <h5  class=\"testimonials-boxed-itemname\">CLIENTE<\/h5> <h6  class=\"testimonials-boxed-itempos\">CONTABILIDAD<\/h6> <\/div> <\/div> <div  class=\"testimonials-boxed-itemcol cp4cols cp6cols-tablet\"> <div  class=\"testimonials-boxed-itemcard\" data-type=\"column\"> <img  decoding=\"async\" class=\"testimonials-boxed-itemimg\" data-size=\"500x500\" src=\"https:\/\/clarke.coltec.dev\/wp-content\/uploads\/2024\/03\/cropped-cropped-1024x1024-2.png\" alt=\"\"> <h5  class=\"testimonials-boxed-itemname\">CLIENTE<\/h5> <h6  class=\"testimonials-boxed-itempos\">AGUA POTABLE<\/h6> <\/div> <\/div> <div  class=\"testimonials-boxed-itemcol cp4cols cp6cols-tablet\"> <div  class=\"testimonials-boxed-itemcard\" data-type=\"column\"> <img  decoding=\"async\" class=\"testimonials-boxed-itemimg\" data-size=\"500x500\" src=\"https:\/\/clarke.coltec.dev\/wp-content\/uploads\/2024\/03\/cropped-cropped-1024x1024-2.png\" alt=\"\"> <h5  class=\"testimonials-boxed-itemname\">CLIENTE<\/h5> <h6  class=\"testimonials-boxed-itempos\">EMPRENDIMIENTO<\/h6> <\/div> <\/div> <div  class=\"testimonials-boxed-itemcol cp4cols cp6cols-tablet\"> <div  class=\"testimonials-boxed-itemcard\" data-type=\"column\"> <img  decoding=\"async\" class=\"testimonials-boxed-itemimg\" data-size=\"500x500\" src=\"https:\/\/clarke.coltec.dev\/wp-content\/uploads\/2024\/03\/cropped-cropped-1024x1024-2.png\" alt=\"\"> <h5  class=\"testimonials-boxed-itemname\">CLIENTE<\/h5> <h6  class=\"testimonials-boxed-itempos\">AUDITORIA<\/h6> <\/div> <\/div><\/div> <\/div><\/div><div  data-label=\"Contact\" data-id=\"contact-section\" data-category=\"contact\" data-bg=\"transparent\" class=\"contact-section-formsection white-text contact-section\" id=\"contact-4\"> <div  class=\"gridContainer\"> <div  class=\"row_224\"> <div  class=\"contact-textrow\"> <div  class=\"contact-textcol dynamic-color\"> <h2  class=\"\">Contactanos\u2026<\/h2> <p  class=\"white_text\"><\/p> <\/div> <\/div> <\/div> <div  class=\"contact-formcol\" data-content-shortcode=\"one_page_express_contact_form shortcode=&quot;contact-form-7 id=&amp;amp;quot;949b8e6&amp;amp;quot; title=&amp;amp;quot;Formulario de contacto 1&amp;amp;quot;&quot;\" data-editable=\"true\">\n<div class=\"wpcf7 no-js\" id=\"wpcf7-f102-o1\" lang=\"es-ES\" dir=\"ltr\">\n<div class=\"screen-reader-response\"><p role=\"status\" aria-live=\"polite\" aria-atomic=\"true\"><\/p> <ul><\/ul><\/div>\n<form action=\"\/index.php?rest_route=%2Fwp%2Fv2%2Fpages%2F4#wpcf7-f102-o1\" method=\"post\" class=\"wpcf7-form init\" aria-label=\"Formulario de contacto\" novalidate=\"novalidate\" data-status=\"init\">\n<div style=\"display: none;\">\n<input type=\"hidden\" name=\"_wpcf7\" value=\"102\" \/>\n<input type=\"hidden\" name=\"_wpcf7_version\" value=\"5.9.7\" \/>\n<input type=\"hidden\" name=\"_wpcf7_locale\" value=\"es_ES\" \/>\n<input type=\"hidden\" name=\"_wpcf7_unit_tag\" value=\"wpcf7-f102-o1\" \/>\n<input type=\"hidden\" name=\"_wpcf7_container_post\" value=\"0\" \/>\n<input type=\"hidden\" name=\"_wpcf7_posted_data_hash\" value=\"\" \/>\n<\/div>\n<p><label> Tu nombre (requerido)<br \/>\n<span class=\"wpcf7-form-control-wrap\" data-name=\"your-name\"><input size=\"40\" maxlength=\"400\" class=\"wpcf7-form-control wpcf7-text wpcf7-validates-as-required\" aria-required=\"true\" aria-invalid=\"false\" value=\"\" type=\"text\" name=\"your-name\" \/><\/span> <\/label>\n<\/p>\n<p><label> Tu correo electr\u00f3nico (requerido)<br \/>\n<span class=\"wpcf7-form-control-wrap\" data-name=\"your-email\"><input size=\"40\" maxlength=\"400\" class=\"wpcf7-form-control wpcf7-email wpcf7-validates-as-required wpcf7-text wpcf7-validates-as-email\" aria-required=\"true\" aria-invalid=\"false\" value=\"\" type=\"email\" name=\"your-email\" \/><\/span> <\/label>\n<\/p>\n<p><label> Tu tel\u00e9fono<br \/>\n<span class=\"wpcf7-form-control-wrap\" data-name=\"telefono\"><input size=\"40\" maxlength=\"400\" class=\"wpcf7-form-control wpcf7-tel wpcf7-validates-as-required wpcf7-text wpcf7-validates-as-tel\" aria-required=\"true\" aria-invalid=\"false\" value=\"\" type=\"tel\" name=\"telefono\" \/><\/span> <\/label>\n<\/p>\n<p><label> Asunto<br \/>\n<span class=\"wpcf7-form-control-wrap\" data-name=\"your-subject\"><input size=\"40\" maxlength=\"400\" class=\"wpcf7-form-control wpcf7-text\" aria-invalid=\"false\" value=\"\" type=\"text\" name=\"your-subject\" \/><\/span> <\/label>\n<\/p>\n<p><label> Tu mensaje<br \/>\n<span class=\"wpcf7-form-control-wrap\" data-name=\"your-message\"><textarea cols=\"40\" rows=\"10\" maxlength=\"2000\" class=\"wpcf7-form-control wpcf7-textarea\" aria-invalid=\"false\" name=\"your-message\"><\/textarea><\/span> <\/label>\n<\/p>\n<p><input class=\"wpcf7-form-control wpcf7-submit has-spinner\" type=\"submit\" value=\"Enviar\" \/>\n<\/p><div class=\"wpcf7-response-output\" aria-hidden=\"true\"><\/div>\n<\/form>\n<\/div>\n<\/div> <\/div><\/div>","protected":false},"excerpt":{"rendered":"<p>\u00bfQui\u00e9nes somos? Somos una Empresa de Servicios Integrales, donde nuestro obtetivoPrincipal es asesorar en distintos \u00e1mbitos de negocios y finanzas,Ofreciendo variados servicios para la gesti\u00f3n de cada empresa. Nuestro Equipo Estamos compuestos por un equipo de profesionales especializados en:Procesos Contables, Gestion de Negocios, Valoraci\u00f3n de Empresas,Gestion de Recursos Humanos, Asesor\u00eda Tributaria, entre otros.Brindamos atencion directa&hellip; <br \/> <a class=\"button small blue\" href=\"https:\/\/clarke.coltec.dev\/\">Leer m\u00e1s<\/a><\/p>\n","protected":false},"author":1,"featured_media":0,"parent":0,"menu_order":0,"comment_status":"closed","ping_status":"closed","template":"","meta":{"footnotes":""},"class_list":["post-4","page","type-page","status-publish","hentry"],"_links":{"self":[{"href":"https:\/\/clarke.coltec.dev\/index.php?rest_route=\/wp\/v2\/pages\/4"}],"collection":[{"href":"https:\/\/clarke.coltec.dev\/index.php?rest_route=\/wp\/v2\/pages"}],"about":[{"href":"https:\/\/clarke.coltec.dev\/index.php?rest_route=\/wp\/v2\/types\/page"}],"author":[{"embeddable":true,"href":"https:\/\/clarke.coltec.dev\/index.php?rest_route=\/wp\/v2\/users\/1"}],"replies":[{"embeddable":true,"href":"https:\/\/clarke.coltec.dev\/index.php?rest_route=%2Fwp%2Fv2%2Fcomments&post=4"}],"version-history":[{"count":109,"href":"https:\/\/clarke.coltec.dev\/index.php?rest_route=\/wp\/v2\/pages\/4\/revisions"}],"predecessor-version":[{"id":411,"href":"https:\/\/clarke.coltec.dev\/index.php?rest_route=\/wp\/v2\/pages\/4\/revisions\/411"}],"wp:attachment":[{"href":"https:\/\/clarke.coltec.dev\/index.php?rest_route=%2Fwp%2Fv2%2Fmedia&parent=4"}],"curies":[{"name":"wp","href":"https:\/\/api.w.org\/{rel}","templated":true}]}}